{"id":18,"date":"2021-09-11T18:41:49","date_gmt":"2021-09-11T18:41:49","guid":{"rendered":"https:\/\/bbs-alfeld.de\/?page_id=18"},"modified":"2026-02-16T11:16:51","modified_gmt":"2026-02-16T10:16:51","slug":"das-neue-museum-oeffnet-seine-tueren-2","status":"publish","type":"page","link":"https:\/\/www.bbs-alfeld.eu\/","title":{"rendered":""},"content":{"rendered":"\n<div class=\"wp-block-cover alignfull topaligncover\" style=\"min-height:111px;aspect-ratio:unset;\"><span aria-hidden=\"true\" class=\"wp-block-cover__background has-background-dim-100 has-background-dim\" style=\"background-color:#407e04\"><\/span><div class=\"wp-block-cover__inner-container is-layout-flow wp-block-cover-is-layout-flow\">\n<div class=\"wp-block-columns alignwide are-vertically-aligned-center has-white-color has-text-color has-background is-layout-flex wp-container-core-columns-is-layout-9d6595d7 wp-block-columns-is-layout-flex\" style=\"background-color:#407e04\">\n<div class=\"wp-block-column is-vertically-aligned-center is-layout-flow wp-block-column-is-layout-flow\">\n<h2 class=\"wp-block-heading has-text-align-center displayaswhite has-white-color has-text-color\" id=\"icon-name-user-plus-prefix-fas-anmeldung\" style=\"font-size:28px\"><i class=\"fas fa-user-plus\"><\/i> <a href=\"\/index.php\/bewerbung\/\">Anmeldung<\/a><\/h2>\n\n\n\n<p class=\"has-text-align-center displayaswhite has-white-color has-text-color\"><a href=\"\/index.php\/bewerbung\/\">f\u00fcr neue Sch\u00fcler*innen<\/a><\/p>\n<\/div>\n\n\n\n<div class=\"wp-block-column is-vertically-aligned-center has-white-color has-text-color is-layout-flow wp-block-column-is-layout-flow\">\n<h2 class=\"wp-block-heading has-text-align-center displayaswhite has-white-color has-text-color\" id=\"icon-name-school-prefix-fas-die-bbs\" style=\"font-size:28px\"><a href=\"\/index.php\/die-bbs\/\"><i class=\"fas fa-school\"><\/i> Die BBS<\/a><\/h2>\n\n\n\n<p class=\"has-text-align-center displayaswhite has-white-color has-text-color\"><a href=\"\/index.php\/die-bbs\/\">\u00fcber die Schule und das Leitbild<\/a><\/p>\n<\/div>\n<\/div>\n<\/div><\/div>\n\n\n\n<div class=\"wp-block-columns is-layout-flex wp-container-core-columns-is-layout-9d6595d7 wp-block-columns-is-layout-flex\">\n<div class=\"wp-block-column is-layout-flow wp-block-column-is-layout-flow\" style=\"flex-basis:66.66%\">\n<h2 class=\"wp-block-heading\" id=\"news\">News<\/h2>\n\n\n\n\t\t<div class=\"wp-block-getwid-recent-posts has-layout-grid has-cropped-images\">\n\t\t\t<div class=\"wp-block-getwid-recent-posts__wrapper getwid-columns getwid-columns-2\">\n\t\t\t\t\n<article id=\"post-3409\" class=\"wp-block-getwid-recent-posts__post\">\n    <div class=\"wp-block-getwid-recent-posts__post-wrapper\">\n                    <div class=\"wp-block-getwid-recent-posts__post-thumbnail\">\n                <a href=\"https:\/\/www.bbs-alfeld.eu\/index.php\/2026\/04\/22\/aenderungen-fuer-die-bfs-dual-im-schuljahr-2026-27\/\"><img loading=\"lazy\" decoding=\"async\" width=\"649\" height=\"625\" src=\"https:\/\/www.bbs-alfeld.eu\/wp-content\/uploads\/2026\/04\/Screenshot-2026-04-09-090541.png\" class=\"attachment-medium_large size-medium_large wp-post-image\" alt=\"\u00c4nderungen f\u00fcr die BFS Dual im Schuljahr 2026\/27\" srcset=\"https:\/\/www.bbs-alfeld.eu\/wp-content\/uploads\/2026\/04\/Screenshot-2026-04-09-090541.png 649w, https:\/\/www.bbs-alfeld.eu\/wp-content\/uploads\/2026\/04\/Screenshot-2026-04-09-090541-300x289.png 300w\" sizes=\"auto, (max-width: 649px) 100vw, 649px\" \/><\/a>\n            <\/div>\n                            <div class=\"wp-block-getwid-recent-posts__content-wrapper\">\n                                    <header class=\"wp-block-getwid-recent-posts__entry-header\">\n                                                    <h3 class=\"wp-block-getwid-recent-posts__post-title\"><a href=\"https:\/\/www.bbs-alfeld.eu\/index.php\/2026\/04\/22\/aenderungen-fuer-die-bfs-dual-im-schuljahr-2026-27\/\">\u00c4nderungen f\u00fcr die BFS Dual im Schuljahr 2026\/27<\/a><\/h3>                                                                            <div class=\"wp-block-getwid-recent-posts__entry-meta\">\n                                                                    <span class=\"wp-block-getwid-recent-posts__post-date\">\n                                        <time datetime=\"2026-04-22T12:03:00+02:00\"><a href=\"https:\/\/www.bbs-alfeld.eu\/index.php\/2026\/04\/22\/\">22. April 2026<\/a><\/time>\n                                    <\/span>\n                                                            <\/div>\n                                            <\/header>\n                                <div class=\"wp-block-getwid-recent-posts__post-content\">Das Kultusministerium hat w\u00e4hrend des laufenden Planungsprozesses und w\u00e4hrend des Anmeldezeitraumes f\u00fcr diese Schulform einige \u00c4nderungen vorgenommen. Wichtig: Alle bestehenden Anmeldungen behalten ihre G\u00fcltigkeit und&hellip;<\/div>\n                \n                            <\/div>\n            <\/div>\n<\/article>\n\n<article id=\"post-3418\" class=\"wp-block-getwid-recent-posts__post\">\n    <div class=\"wp-block-getwid-recent-posts__post-wrapper\">\n                    <div class=\"wp-block-getwid-recent-posts__post-thumbnail\">\n                <a href=\"https:\/\/www.bbs-alfeld.eu\/index.php\/2026\/04\/20\/unterricht-an-der-bbs-alfeld-neue-methode-mehr-motivation\/\"><img loading=\"lazy\" decoding=\"async\" width=\"768\" height=\"314\" src=\"https:\/\/www.bbs-alfeld.eu\/wp-content\/uploads\/2026\/04\/Unbenannt-768x314.png\" class=\"attachment-medium_large size-medium_large wp-post-image\" alt=\"Unterricht an der BBS Alfeld: neue Methode, mehr Motivation\" srcset=\"https:\/\/www.bbs-alfeld.eu\/wp-content\/uploads\/2026\/04\/Unbenannt-768x314.png 768w, https:\/\/www.bbs-alfeld.eu\/wp-content\/uploads\/2026\/04\/Unbenannt-300x123.png 300w, https:\/\/www.bbs-alfeld.eu\/wp-content\/uploads\/2026\/04\/Unbenannt-1024x419.png 1024w, https:\/\/www.bbs-alfeld.eu\/wp-content\/uploads\/2026\/04\/Unbenannt.png 1060w\" sizes=\"auto, (max-width: 768px) 100vw, 768px\" \/><\/a>\n            <\/div>\n                            <div class=\"wp-block-getwid-recent-posts__content-wrapper\">\n                                    <header class=\"wp-block-getwid-recent-posts__entry-header\">\n                                                    <h3 class=\"wp-block-getwid-recent-posts__post-title\"><a href=\"https:\/\/www.bbs-alfeld.eu\/index.php\/2026\/04\/20\/unterricht-an-der-bbs-alfeld-neue-methode-mehr-motivation\/\">Unterricht an der BBS Alfeld: neue Methode, mehr Motivation<\/a><\/h3>                                                                            <div class=\"wp-block-getwid-recent-posts__entry-meta\">\n                                                                    <span class=\"wp-block-getwid-recent-posts__post-date\">\n                                        <time datetime=\"2026-04-20T08:04:54+02:00\"><a href=\"https:\/\/www.bbs-alfeld.eu\/index.php\/2026\/04\/20\/\">20. April 2026<\/a><\/time>\n                                    <\/span>\n                                                            <\/div>\n                                            <\/header>\n                                <div class=\"wp-block-getwid-recent-posts__post-content\">Beitrag vom NDR An der BBS Alfeld wird Unterricht neu gedacht: Statt trockener Referate wird Unterrichtsstoff, wenn es passt, mit Mikrofonen, Kopfh\u00f6rern und \u201erichtigem\u201c Podcast-Equipment&hellip;<\/div>\n                \n                            <\/div>\n            <\/div>\n<\/article>\n\t\t\t<\/div>\n\t\t<\/div>\n\t\t<\/div>\n\n\n\n<div class=\"wp-block-column is-layout-flow wp-block-column-is-layout-flow\" style=\"flex-basis:33.33%\">\n<h2 class=\"wp-block-heading has-text-align-center\" id=\"der-schulalltag\">Der Schulalltag<\/h2>\n\n\nngg_shortcode_0_placeholder\n<\/div>\n<\/div>\n\n\n\n<p><strong><a href=\"\/index.php\/blog\/\" data-type=\"URL\" data-id=\"\/index.php\/blog\/\">Mehr News <i class=\"fas fa-arrow-right\"><\/i><\/a><\/strong><\/p>\n\n\n<div class=\"r34ics-ajax-container loading\" id=\"r69fb2b847e5e49c\" data-view=\"list\" data-view-is-list-style=\"1\" data-view-is-list-long=\"1\" data-args=\"e18f54115228a56728a2b7097dfcbbd32ac275ff\" data-js-args=\"{&quot;debug&quot;:null}\">&nbsp;<\/div>\n\n\n\n<p><strong><a href=\"\/index.php\/kalender\/\" data-type=\"URL\">Kalender anzeigen <i class=\"fas fa-arrow-right\"><\/i><\/a><\/strong><\/p>\n","protected":false},"excerpt":{"rendered":"<p>News Der Schulalltag Mehr News Kalender anzeigen<\/p>\n","protected":false},"author":1,"featured_media":0,"parent":0,"menu_order":0,"comment_status":"closed","ping_status":"closed","template":"","meta":{"ngg_post_thumbnail":0,"footnotes":""},"class_list":["post-18","page","type-page","status-publish","hentry"],"_links":{"self":[{"href":"https:\/\/www.bbs-alfeld.eu\/index.php\/wp-json\/wp\/v2\/pages\/18","targetHints":{"allow":["GET"]}}],"collection":[{"href":"https:\/\/www.bbs-alfeld.eu\/index.php\/wp-json\/wp\/v2\/pages"}],"about":[{"href":"https:\/\/www.bbs-alfeld.eu\/index.php\/wp-json\/wp\/v2\/types\/page"}],"author":[{"embeddable":true,"href":"https:\/\/www.bbs-alfeld.eu\/index.php\/wp-json\/wp\/v2\/users\/1"}],"replies":[{"embeddable":true,"href":"https:\/\/www.bbs-alfeld.eu\/index.php\/wp-json\/wp\/v2\/comments?post=18"}],"version-history":[{"count":156,"href":"https:\/\/www.bbs-alfeld.eu\/index.php\/wp-json\/wp\/v2\/pages\/18\/revisions"}],"predecessor-version":[{"id":3349,"href":"https:\/\/www.bbs-alfeld.eu\/index.php\/wp-json\/wp\/v2\/pages\/18\/revisions\/3349"}],"wp:attachment":[{"href":"https:\/\/www.bbs-alfeld.eu\/index.php\/wp-json\/wp\/v2\/media?parent=18"}],"curies":[{"name":"wp","href":"https:\/\/api.w.org\/{rel}","templated":true}]}}