{"id":2073,"date":"2022-10-13T18:29:55","date_gmt":"2022-10-13T16:29:55","guid":{"rendered":"https:\/\/www.bbs-alfeld.eu\/?page_id=2073"},"modified":"2025-02-13T08:50:53","modified_gmt":"2025-02-13T07:50:53","slug":"beratungsteam-2","status":"publish","type":"page","link":"https:\/\/www.bbs-alfeld.eu\/index.php\/beratungsteam-2\/","title":{"rendered":"Beratungsteam"},"content":{"rendered":"\n<hr class=\"wp-block-separator has-text-color has-css-opacity has-background alignfull is-style-wide coloredline\" style=\"background-color:#407e04;color:#407e04\"\/>\n\n\n\n<figure class=\"wp-block-image size-large\"><img loading=\"lazy\" decoding=\"async\" width=\"1024\" height=\"582\" src=\"https:\/\/www.bbs-alfeld.eu\/wp-content\/uploads\/2022\/09\/DSC09468-1-1-scaled-e1664014505140-1024x582.jpg\" alt=\"\" class=\"wp-image-2014\" srcset=\"https:\/\/www.bbs-alfeld.eu\/wp-content\/uploads\/2022\/09\/DSC09468-1-1-scaled-e1664014505140-1024x582.jpg 1024w, https:\/\/www.bbs-alfeld.eu\/wp-content\/uploads\/2022\/09\/DSC09468-1-1-scaled-e1664014505140-300x171.jpg 300w, https:\/\/www.bbs-alfeld.eu\/wp-content\/uploads\/2022\/09\/DSC09468-1-1-scaled-e1664014505140-768x437.jpg 768w, https:\/\/www.bbs-alfeld.eu\/wp-content\/uploads\/2022\/09\/DSC09468-1-1-scaled-e1664014505140-1536x873.jpg 1536w, https:\/\/www.bbs-alfeld.eu\/wp-content\/uploads\/2022\/09\/DSC09468-1-1-scaled-e1664014505140.jpg 1958w\" sizes=\"auto, (max-width: 1024px) 100vw, 1024px\" \/><\/figure>\n\n\n\n<p>Wir beraten und begleiten Sch\u00fcler*innen, Eltern und Kolleg*innen bei <\/p>\n\n\n\n<ul class=\"wp-block-list\">\n<li>pers\u00f6nlichen und schulbezogenen Anliegen,<\/li>\n\n\n\n<li>sozialen Konflikten,<\/li>\n\n\n\n<li>bei Fragen der Schullaufbahnberatung und<\/li>\n\n\n\n<li>Fragen zum \u00dcbergang von der Schule in den Beruf.<\/li>\n<\/ul>\n\n\n\n<p>Unser Angebot beruht auf Freiwilligkeit, Verschwiegenheit und Unabh\u00e4ngigkeit.<br><br>Ratsuchende erhalten in Einzelberatungen, aber auch in Workshops, Trainings und Gespr\u00e4chskreisen Unterst\u00fctzung bei verschiedenen Themenstellungen und Problemlagen.<br>Dabei kann grunds\u00e4tzlich gew\u00e4hlt werden, an welches Mitglied des Beratungsteams Sie sich mit ihrem Beratungsanliegen wenden. <\/p>\n\n\n\n<p>Ihr findet uns in den <strong>R\u00e4umen 2.03 und 2.04.<\/strong> <br><br>Das Beratungsteam der BBS besteht aus:  <\/p>\n\n\n\n<div class=\"wp-block-columns is-layout-flex wp-container-core-columns-is-layout-9d6595d7 wp-block-columns-is-layout-flex\">\n<div class=\"wp-block-column is-layout-flow wp-block-column-is-layout-flow\" style=\"flex-basis:33.33%\"><div class=\"wp-block-image is-style-rounded\">\n<figure class=\"aligncenter size-full is-resized\"><img loading=\"lazy\" decoding=\"async\" width=\"1004\" height=\"1000\" src=\"https:\/\/bbs-alfeld.de\/wp-content\/uploads\/2021\/11\/Bajorath.jpg\" alt=\"\" class=\"wp-image-1209\" style=\"width:163px;height:163px\" srcset=\"https:\/\/www.bbs-alfeld.eu\/wp-content\/uploads\/2021\/11\/Bajorath.jpg 1004w, https:\/\/www.bbs-alfeld.eu\/wp-content\/uploads\/2021\/11\/Bajorath-300x300.jpg 300w, https:\/\/www.bbs-alfeld.eu\/wp-content\/uploads\/2021\/11\/Bajorath-150x150.jpg 150w, https:\/\/www.bbs-alfeld.eu\/wp-content\/uploads\/2021\/11\/Bajorath-768x765.jpg 768w\" sizes=\"auto, (max-width: 1004px) 100vw, 1004px\" \/><\/figure>\n<\/div><\/div>\n\n\n\n<div class=\"wp-block-column is-layout-flow wp-block-column-is-layout-flow\" style=\"flex-basis:66.66%\">\n<p><strong>Maren Bajorath<\/strong><br>Beratungslehrerin<\/p>\n\n\n\n<p><strong>Kontakt: <\/strong><a href=\"&#x6d;&#x61;&#105;&#108;t&#x6f;&#x3a;&#x6d;&#97;re&#x6e;&#x2e;&#98;&#97;j&#x6f;&#x72;&#x61;&#116;h&#64;&#x62;&#x62;&#115;&#45;a&#x6c;&#x66;&#x65;&#108;d&#46;&#x65;&#x75;\">&#109;&#x61;&#x72;e&#110;&#x2e;&#x62;a&#106;&#x6f;r&#97;&#x74;&#x68;&#64;&#98;&#x62;s&#45;&#x61;&#x6c;f&#101;&#x6c;&#x64;&#46;&#x65;&#x75;<\/a><\/p>\n\n\n\n<p><strong>Sprechzeit (Raum 2.04): <\/strong><\/p>\n\n\n\n<ul class=\"wp-block-list\">\n<li>Dienstag 2. Pause<\/li>\n\n\n\n<li>Mittwoch 3. Pause<\/li>\n\n\n\n<li>Nach Vereinbarung<\/li>\n<\/ul>\n<\/div>\n<\/div>\n\n\n\n<hr class=\"wp-block-separator has-css-opacity is-style-wide\"\/>\n\n\n\n<div class=\"wp-block-columns is-layout-flex wp-container-core-columns-is-layout-9d6595d7 wp-block-columns-is-layout-flex\">\n<div class=\"wp-block-column is-layout-flow wp-block-column-is-layout-flow\" style=\"flex-basis:33.33%\"><div class=\"wp-block-image is-style-rounded\">\n<figure class=\"aligncenter size-large is-resized\"><img loading=\"lazy\" decoding=\"async\" width=\"860\" height=\"860\" src=\"https:\/\/www.bbs-alfeld.eu\/wp-content\/uploads\/2022\/10\/Deutsch-J-edited-1.jpg\" alt=\"\" class=\"wp-image-2060\" style=\"width:163px;height:163px\" srcset=\"https:\/\/www.bbs-alfeld.eu\/wp-content\/uploads\/2022\/10\/Deutsch-J-edited-1.jpg 860w, https:\/\/www.bbs-alfeld.eu\/wp-content\/uploads\/2022\/10\/Deutsch-J-edited-1-300x300.jpg 300w, https:\/\/www.bbs-alfeld.eu\/wp-content\/uploads\/2022\/10\/Deutsch-J-edited-1-150x150.jpg 150w, https:\/\/www.bbs-alfeld.eu\/wp-content\/uploads\/2022\/10\/Deutsch-J-edited-1-768x768.jpg 768w\" sizes=\"auto, (max-width: 860px) 100vw, 860px\" \/><\/figure>\n<\/div><\/div>\n\n\n\n<div class=\"wp-block-column is-layout-flow wp-block-column-is-layout-flow\" style=\"flex-basis:66.66%\">\n<p><strong>Jan Deutsch<\/strong><br>Beratungslehrer<\/p>\n\n\n\n<p><strong>Kontakt: <\/strong><a href=\"m&#97;&#x69;&#x6c;&#x74;o&#58;&#x6a;&#x61;&#x6e;&#46;&#100;&#x65;&#x75;&#x74;s&#99;&#x68;&#x40;&#x62;b&#115;&#x2d;&#x61;&#x6c;f&#101;&#x6c;&#x64;&#x2e;e&#117;\">&#x6a;&#97;&#x6e;&#x2e;&#100;&#x65;&#x75;&#116;&#x73;&#x63;&#104;&#x40;&#x62;b&#x73;&#x2d;a&#x6c;&#102;e&#x6c;&#100;&#46;&#x65;&#117;<\/a><\/p>\n\n\n\n<p><strong>Sprechzeit (Raum 2.03): <\/strong><\/p>\n\n\n\n<ul class=\"wp-block-list\">\n<li>Montags 2. Pause<\/li>\n\n\n\n<li>Donnerstag 2. Pause<\/li>\n\n\n\n<li>Nach Vereinbarung<\/li>\n<\/ul>\n<\/div>\n<\/div>\n\n\n\n<hr class=\"wp-block-separator has-css-opacity is-style-wide\"\/>\n\n\n\n<div class=\"wp-block-columns is-layout-flex wp-container-core-columns-is-layout-9d6595d7 wp-block-columns-is-layout-flex\">\n<div class=\"wp-block-column is-layout-flow wp-block-column-is-layout-flow\" style=\"flex-basis:33.33%\"><div class=\"wp-block-image is-style-rounded\">\n<figure class=\"aligncenter size-full is-resized\"><img loading=\"lazy\" decoding=\"async\" width=\"250\" height=\"250\" src=\"https:\/\/bbs-alfeld.de\/wp-content\/uploads\/2021\/10\/christians.jpg\" alt=\"\" class=\"wp-image-296\" style=\"width:163px;height:163px\" srcset=\"https:\/\/www.bbs-alfeld.eu\/wp-content\/uploads\/2021\/10\/christians.jpg 250w, https:\/\/www.bbs-alfeld.eu\/wp-content\/uploads\/2021\/10\/christians-150x150.jpg 150w\" sizes=\"auto, (max-width: 250px) 100vw, 250px\" \/><\/figure>\n<\/div><\/div>\n\n\n\n<div class=\"wp-block-column is-layout-flow wp-block-column-is-layout-flow\" style=\"flex-basis:66.66%\">\n<p><strong>Caren Christians<\/strong><br>Schulsozialp\u00e4dagogin<\/p>\n\n\n\n<p><strong>Kontakt: <\/strong><\/p>\n\n\n\n<ul class=\"wp-block-list\">\n<li>Tel. dienstlich: 05181-706 111<\/li>\n\n\n\n<li><a href=\"&#109;&#x61;&#x69;l&#116;&#x6f;:&#99;&#x61;&#x72;&#101;&#x6e;&#x2e;c&#104;&#x72;i&#115;&#x74;&#x69;&#97;&#x6e;&#x73;&#64;&#98;&#x62;s&#45;&#x61;&#x6c;&#102;&#x65;&#x6c;d&#46;&#x65;u\">&#x63;&#97;r&#x65;&#x6e;&#46;c&#x68;&#114;i&#x73;&#x74;&#105;a&#x6e;&#115;&#64;&#x62;&#x62;&#115;-&#x61;&#x6c;&#102;&#x65;&#x6c;&#100;&#46;&#x65;&#x75;<\/a><\/li>\n<\/ul>\n\n\n\n<p><strong>Sprechzeit<\/strong> t\u00e4glich von Montag &#8211; Freitag<\/p>\n<\/div>\n<\/div>\n\n\n\n<hr class=\"wp-block-separator has-css-opacity is-style-wide\"\/>\n\n\n\n<div class=\"wp-block-columns is-layout-flex wp-container-core-columns-is-layout-9d6595d7 wp-block-columns-is-layout-flex\">\n<div class=\"wp-block-column is-layout-flow wp-block-column-is-layout-flow\" style=\"flex-basis:33.33%\"><div class=\"wp-block-image is-style-rounded\">\n<figure class=\"aligncenter size-full is-resized\"><img loading=\"lazy\" decoding=\"async\" width=\"250\" height=\"250\" src=\"https:\/\/bbs-alfeld.de\/wp-content\/uploads\/2021\/10\/guenther.jpg\" alt=\"\" class=\"wp-image-291\" style=\"width:163px;height:163px\" srcset=\"https:\/\/www.bbs-alfeld.eu\/wp-content\/uploads\/2021\/10\/guenther.jpg 250w, https:\/\/www.bbs-alfeld.eu\/wp-content\/uploads\/2021\/10\/guenther-150x150.jpg 150w\" sizes=\"auto, (max-width: 250px) 100vw, 250px\" \/><\/figure>\n<\/div><\/div>\n\n\n\n<div class=\"wp-block-column is-layout-flow wp-block-column-is-layout-flow\" style=\"flex-basis:66.66%\">\n<p><strong>Dr. Matthias G\u00fcnther<\/strong><br>Schulseelsorger<\/p>\n\n\n\n<p><strong>Kontakt:<\/strong> <\/p>\n\n\n\n<ul class=\"wp-block-list\">\n<li>Tel. dienstlich: 05181-706 197<\/li>\n\n\n\n<li><a href=\"&#109;&#x61;&#x69;l&#116;&#x6f;:&#109;&#x61;t&#116;&#x68;i&#97;&#x73;&#x2e;&#103;&#x75;&#x65;n&#116;&#x68;e&#114;&#x40;b&#98;&#x73;&#x2d;&#97;&#x6c;&#x66;e&#108;&#x64;&#46;&#101;&#x75;\">m&#97;&#116;&#116;&#x68;&#x69;&#x61;s&#46;&#103;&#117;&#x65;&#x6e;&#x74;&#x68;er&#64;&#98;&#x62;&#x73;&#x2d;&#x61;l&#102;&#101;&#108;&#x64;&#x2e;&#x65;u<\/a><\/li>\n<\/ul>\n\n\n\n<p><strong>Sprechzeit<\/strong> nach Vereinbarung<\/p>\n<\/div>\n<\/div>\n\n\n\n<hr class=\"wp-block-separator has-css-opacity is-style-wide\"\/>\n\n\n\n<div class=\"wp-block-columns is-layout-flex wp-container-core-columns-is-layout-9d6595d7 wp-block-columns-is-layout-flex\">\n<div class=\"wp-block-column is-layout-flow wp-block-column-is-layout-flow\" style=\"flex-basis:33.33%\"><div class=\"wp-block-image is-style-rounded\">\n<figure class=\"aligncenter size-full is-resized\"><img loading=\"lazy\" decoding=\"async\" width=\"1000\" height=\"1000\" src=\"https:\/\/bbs-alfeld.de\/wp-content\/uploads\/2021\/11\/Paula.jpg\" alt=\"\" class=\"wp-image-768\" style=\"width:163px;height:163px\" srcset=\"https:\/\/www.bbs-alfeld.eu\/wp-content\/uploads\/2021\/11\/Paula.jpg 1000w, https:\/\/www.bbs-alfeld.eu\/wp-content\/uploads\/2021\/11\/Paula-300x300.jpg 300w, https:\/\/www.bbs-alfeld.eu\/wp-content\/uploads\/2021\/11\/Paula-150x150.jpg 150w, https:\/\/www.bbs-alfeld.eu\/wp-content\/uploads\/2021\/11\/Paula-768x768.jpg 768w\" sizes=\"auto, (max-width: 1000px) 100vw, 1000px\" \/><\/figure>\n<\/div><\/div>\n\n\n\n<div class=\"wp-block-column is-layout-flow wp-block-column-is-layout-flow\" style=\"flex-basis:66.66%\">\n<p><strong>Paula<\/strong><br>Schulhund<\/p>\n<\/div>\n<\/div>\n","protected":false},"excerpt":{"rendered":"<p>Wir beraten und begleiten Sch\u00fcler*innen, Eltern und Kolleg*innen bei Unser Angebot beruht auf Freiwilligkeit, Verschwiegenheit und Unabh\u00e4ngigkeit. Ratsuchende erhalten in Einzelberatungen, aber auch in Workshops,&hellip;<\/p>\n","protected":false},"author":3,"featured_media":0,"parent":0,"menu_order":0,"comment_status":"closed","ping_status":"closed","template":"","meta":{"ngg_post_thumbnail":0,"footnotes":""},"class_list":["post-2073","page","type-page","status-publish","hentry"],"_links":{"self":[{"href":"https:\/\/www.bbs-alfeld.eu\/index.php\/wp-json\/wp\/v2\/pages\/2073","targetHints":{"allow":["GET"]}}],"collection":[{"href":"https:\/\/www.bbs-alfeld.eu\/index.php\/wp-json\/wp\/v2\/pages"}],"about":[{"href":"https:\/\/www.bbs-alfeld.eu\/index.php\/wp-json\/wp\/v2\/types\/page"}],"author":[{"embeddable":true,"href":"https:\/\/www.bbs-alfeld.eu\/index.php\/wp-json\/wp\/v2\/users\/3"}],"replies":[{"embeddable":true,"href":"https:\/\/www.bbs-alfeld.eu\/index.php\/wp-json\/wp\/v2\/comments?post=2073"}],"version-history":[{"count":6,"href":"https:\/\/www.bbs-alfeld.eu\/index.php\/wp-json\/wp\/v2\/pages\/2073\/revisions"}],"predecessor-version":[{"id":2994,"href":"https:\/\/www.bbs-alfeld.eu\/index.php\/wp-json\/wp\/v2\/pages\/2073\/revisions\/2994"}],"wp:attachment":[{"href":"https:\/\/www.bbs-alfeld.eu\/index.php\/wp-json\/wp\/v2\/media?parent=2073"}],"curies":[{"name":"wp","href":"https:\/\/api.w.org\/{rel}","templated":true}]}}