{"id":2806,"date":"2024-12-20T08:06:10","date_gmt":"2024-12-20T07:06:10","guid":{"rendered":"https:\/\/www.bbs-alfeld.eu\/?page_id=2806"},"modified":"2024-12-20T08:12:26","modified_gmt":"2024-12-20T07:12:26","slug":"leitbild","status":"publish","type":"page","link":"https:\/\/www.bbs-alfeld.eu\/index.php\/leitbild\/","title":{"rendered":"Leitbild"},"content":{"rendered":"\n<p class=\"has-text-align-center has-medium-font-size\"><strong>Vision (Wozu gibt es uns?)<\/strong><\/p>\n\n\n\n<p>Wir sind ein regionales Kompetenzzentrum zur Berufsorientierung im stetigen Wandel und koordinieren Berufsorientierungsprojekte \u00fcberregional mit verschiedenen Institutionen.<\/p>\n\n\n\n<p>Wir bieten Berufliche Orientierung von klein auf, ab der Grundschule bis zur Vorbereitung auf das Berufsleben und das Studium und erm\u00f6glichen das Erproben und Entscheiden von beruflichen Werdeg\u00e4ngen.<\/p>\n\n\n\n<p class=\"has-text-align-center has-medium-font-size\"><strong>Mission (Wie setzen wir die Vision um?)<\/strong><\/p>\n\n\n\n<div class=\"wp-block-group\"><div class=\"wp-block-group__inner-container is-layout-constrained wp-block-group-is-layout-constrained\">\n<ul class=\"wp-block-list\">\n<li>Wir begleiten SuS entsprechend ihrer Interessen und F\u00e4higkeiten auf den Weg in die berufliche Zukunft<\/li>\n\n\n\n<li>Wir bieten Berufliche Orientierung von klein auf, ab der Grundschule bis zur Vorbereitung auf das Berufsleben und das Studium<\/li>\n\n\n\n<li>Wir beraten als vielf\u00e4ltige B\u00fcndelschule intensiv in s\u00e4mtlichen Bildungsg\u00e4ngen anhand eines breiten Spektrums von Bildungsangeboten in unterschiedlichen Fachbereichen<\/li>\n\n\n\n<li>Wir erm\u00f6glichen Durchl\u00e4ssigkeit \u00fcber alle Fachbereiche hinweg<\/li>\n\n\n\n<li>Wir (er)leben Inklusion und Vielfalt<\/li>\n\n\n\n<li>Wir f\u00f6rdern Eigenverantwortung und fordern sie ein, um insbesondere den \u00dcbergang von der Schule in die Arbeitswelt zu ebnen<\/li>\n\n\n\n<li>Wir er\u00f6ffnen Chancen, indem wir unsere Sch\u00fclerinnen und Sch\u00fcler f\u00fcr die Berufswelt qualifizieren und sie darin f\u00f6rdern, ein Leben in Selbstverantwortung zu f\u00fchren<\/li>\n\n\n\n<li>Demokratie wird mittels verschiedener Gremien gef\u00f6rdert<\/li>\n\n\n\n<li>Wir schaffen Lernr\u00e4ume zur Erweiterung der Fach-, Methoden- und Sozialkompetenz.<\/li>\n\n\n\n<li>Nachhaltigkeit wird gelebt und praxisnah in Unterricht und Sch\u00fclerfirmen umgesetzt<\/li>\n\n\n\n<li>Wir nutzen M\u00f6glichkeiten des Lernens auch au\u00dferhalb der Schule.<\/li>\n\n\n\n<li>Wir greifen Entwicklungen und Ver\u00e4nderungen in Beruf und Gesellschaft auf und ber\u00fccksichtigen sie in unserem Unterricht.<\/li>\n\n\n\n<li>Wir orientieren unsere Bildungsarbeit an den aktuellen und zuk\u00fcnftigen Anforderungen der Arbeitswelt<\/li>\n\n\n\n<li>Wir arbeiten mit externen Partnern zusammen und erbringen Dienstleistungen f\u00fcr die Region<\/li>\n\n\n\n<li>Wir sorgen f\u00fcr eine wertsch\u00e4tzende Lern- und Arbeitsatmosph\u00e4re<\/li>\n<\/ul>\n<\/div><\/div>\n\n\n\n<p class=\"has-text-align-center has-medium-font-size\"><strong>Leitbild (Wie arbeiten wir zusammen?)<\/strong><\/p>\n\n\n<div class=\"wp-block-image\">\n<figure class=\"aligncenter size-full is-resized\"><img loading=\"lazy\" decoding=\"async\" width=\"12563\" height=\"11021\" src=\"https:\/\/www.bbs-alfeld.eu\/wp-content\/uploads\/2024\/10\/Zeichnung1-Kopie.png\" alt=\"\" class=\"wp-image-2816\" style=\"width:576px;height:auto\"\/><\/figure>\n<\/div>\n\n\n<div class=\"wp-block-group\"><div class=\"wp-block-group__inner-container is-layout-constrained wp-block-group-is-layout-constrained\">\n<div class=\"wp-block-getwid-toggle has-icon-left\">\n<div class=\"wp-block-getwid-toggle__row\"><div class=\"wp-block-getwid-toggle__header-wrapper\"><span class=\"wp-block-getwid-toggle__header\"><a href=\"#\"><span class=\"wp-block-getwid-toggle__header-title\"><strong><mark style=\"background-color:rgba(0, 0, 0, 0);color:#525252\" class=\"has-inline-color\">B<\/mark><\/strong><mark style=\"background-color:rgba(0, 0, 0, 0);color:#525252\" class=\"has-inline-color\">erufsorientierung<\/mark><\/span><span class=\"wp-block-getwid-toggle__icon is-active\"><i class=\"fas fa-plus\"><\/i><\/span><span class=\"wp-block-getwid-toggle__icon is-passive\"><i class=\"fas fa-minus\"><\/i><\/span><\/a><\/span><\/div><div class=\"wp-block-getwid-toggle__content-wrapper\"><div class=\"wp-block-getwid-toggle__content\">\n<p>Leitsatz: Wir bieten als Leitstelle der <em>Region des Lernens<\/em> den allgemeinbildenden Schulen sowie unseren Sch\u00fclerinnen und Sch\u00fclern, unter Einbindung multiprofessioneller Teams, begleitende Bausteine zur Beruflichen Orientierung von der Grundschule bis zum beruflichen Abschluss an, damit die SuS anhand unserer vielf\u00e4ltigen B\u00fcndelschule schrittweise und praxisnah ihre individuellen beruflichen Interessen und F\u00e4higkeiten entwickeln k\u00f6nnen.<\/p>\n<\/div><\/div><\/div>\n\n\n\n<div class=\"wp-block-getwid-toggle__row\"><div class=\"wp-block-getwid-toggle__header-wrapper\"><span class=\"wp-block-getwid-toggle__header\"><a href=\"#\"><span class=\"wp-block-getwid-toggle__header-title\"><strong><mark style=\"background-color:rgba(0, 0, 0, 0);color:#ed7d31\" class=\"has-inline-color\">I<\/mark><\/strong><mark style=\"background-color:rgba(0, 0, 0, 0);color:#ed7d31\" class=\"has-inline-color\">nternational und regional<\/mark><\/span><span class=\"wp-block-getwid-toggle__icon is-active\"><i class=\"fas fa-plus\"><\/i><\/span><span class=\"wp-block-getwid-toggle__icon is-passive\"><i class=\"fas fa-minus\"><\/i><\/span><\/a><\/span><\/div><div class=\"wp-block-getwid-toggle__content-wrapper\"><div class=\"wp-block-getwid-toggle__content\">\n<p>Als Dienstleister f\u00fcr die Region handeln wir lokal und stark praxisorientiert und bereiten die SuS gezielt auf den hiesigen Arbeitsmarkt vor. Durch enge Kooperationen mit Unternehmen,<\/p>\n\n\n\n<p>Betrieben und anderen Bildungseinrichtungen der Region wird sichergestellt, dass<\/p>\n\n\n\n<p>die Ausbildung den Anforderungen der Arbeitswelt entspricht.<\/p>\n\n\n\n<p>Wir pflegen internationale Partnerschaften in verschiedenen Schulformen und erm\u00f6glichen dadurch die Entwicklung von interkulturellen Kompetenzen, Spracherwerb und die M\u00f6glichkeit Zusatzzertifikate zu erhalten.<\/p>\n<\/div><\/div><\/div>\n\n\n\n<div class=\"wp-block-getwid-toggle__row\"><div class=\"wp-block-getwid-toggle__header-wrapper\"><span class=\"wp-block-getwid-toggle__header\"><a href=\"#\"><span class=\"wp-block-getwid-toggle__header-title\"><mark style=\"background-color:#ffffff;color:#ec16a1\" class=\"has-inline-color\"><strong>L<\/strong>ernen und Lehren<\/mark><\/span><span class=\"wp-block-getwid-toggle__icon is-active\"><i class=\"fas fa-plus\"><\/i><\/span><span class=\"wp-block-getwid-toggle__icon is-passive\"><i class=\"fas fa-minus\"><\/i><\/span><\/a><\/span><\/div><div class=\"wp-block-getwid-toggle__content-wrapper\"><div class=\"wp-block-getwid-toggle__content\">\n<p>Alle am Schulleben Beteiligten tragen dazu bei, eine positive Lernumgebung zu schaffen, in der jeder Einzelne sein Potenzial entfalten kann.<\/p>\n<\/div><\/div><\/div>\n\n\n\n<div class=\"wp-block-getwid-toggle__row\"><div class=\"wp-block-getwid-toggle__header-wrapper\"><span class=\"wp-block-getwid-toggle__header\"><a href=\"#\"><span class=\"wp-block-getwid-toggle__header-title\"><mark style=\"background-color:rgba(0, 0, 0, 0);color:#70ad47\" class=\"has-inline-color\"><strong>D<\/strong>emokratieverst\u00e4ndnis<\/mark><\/span><span class=\"wp-block-getwid-toggle__icon is-active\"><i class=\"fas fa-plus\"><\/i><\/span><span class=\"wp-block-getwid-toggle__icon is-passive\"><i class=\"fas fa-minus\"><\/i><\/span><\/a><\/span><\/div><div class=\"wp-block-getwid-toggle__content-wrapper\"><div class=\"wp-block-getwid-toggle__content\">\n<p>Wir st\u00e4rken die Demokratiebildung indem die M\u00f6glichkeit zur Teilnahme und Mitarbeit in Gremien besteht.<\/p>\n\n\n\n<p>Wir beteiligen die Schulgemeinschaft an der Entwicklung unserer Schule durch verschiedene Umfragen und f\u00f6rdern dadurch die Meinungsvielfalt.<\/p>\n<\/div><\/div><\/div>\n\n\n\n<div class=\"wp-block-getwid-toggle__row\"><div class=\"wp-block-getwid-toggle__header-wrapper\"><span class=\"wp-block-getwid-toggle__header\"><a href=\"#\"><span class=\"wp-block-getwid-toggle__header-title\"><mark style=\"background-color:rgba(0, 0, 0, 0);color:#642b8e\" class=\"has-inline-color\"><strong>U<\/strong>mwelt und Nachhaltigkeit<\/mark><\/span><span class=\"wp-block-getwid-toggle__icon is-active\"><i class=\"fas fa-plus\"><\/i><\/span><span class=\"wp-block-getwid-toggle__icon is-passive\"><i class=\"fas fa-minus\"><\/i><\/span><\/a><\/span><\/div><div class=\"wp-block-getwid-toggle__content-wrapper\"><div class=\"wp-block-getwid-toggle__content\">\n<p><mark style=\"background-color:rgba(0, 0, 0, 0)\" class=\"has-inline-color has-black-color\">Wir sind uns aufgrund des Standortes unserer Natur bewusst und legen Wert auf umweltfreundliche Projekte, setzen diese auch in den nachhaltigen Sch\u00fclerfirmen kontinuierlich um und weiten die Prozesse stetig mit viel Ideenreichtum aus. Diverse bereits erhaltene Zertifizierungen zur Nachhaltigkeit st\u00fctzen diese Entwicklung.&nbsp;<\/mark><\/p>\n<\/div><\/div><\/div>\n\n\n\n<div class=\"wp-block-getwid-toggle__row\"><div class=\"wp-block-getwid-toggle__header-wrapper\"><span class=\"wp-block-getwid-toggle__header\"><a href=\"#\"><span class=\"wp-block-getwid-toggle__header-title\"><strong><mark style=\"background-color:rgba(0, 0, 0, 0);color:#d29e00\" class=\"has-inline-color\">N<\/mark><\/strong><mark style=\"background-color:rgba(0, 0, 0, 0);color:#d29e00\" class=\"has-inline-color\">eue Entwicklungen und Technologien<\/mark><\/span><span class=\"wp-block-getwid-toggle__icon is-active\"><i class=\"fas fa-plus\"><\/i><\/span><span class=\"wp-block-getwid-toggle__icon is-passive\"><i class=\"fas fa-minus\"><\/i><\/span><\/a><\/span><\/div><div class=\"wp-block-getwid-toggle__content-wrapper\"><div class=\"wp-block-getwid-toggle__content\">\n<p>Wir setzen auf innovative Lehr- und Lernkonzepte sowie moderne Technologien,<\/p>\n\n\n\n<p>um den Unterricht zeitgem\u00e4\u00df zu gestalten. Die F\u00f6rderung von Medienkompetenz und digitaler Bildung spielt eine wichtige Rolle und wird durch kollegiale Hospitationen und Fortbildungen gest\u00fctzt.<strong><\/strong><\/p>\n<\/div><\/div><\/div>\n\n\n\n<div class=\"wp-block-getwid-toggle__row\"><div class=\"wp-block-getwid-toggle__header-wrapper\"><span class=\"wp-block-getwid-toggle__header\"><a href=\"#\"><span class=\"wp-block-getwid-toggle__header-title\"><strong><mark style=\"background-color:rgba(0, 0, 0, 0);color:#4671c3\" class=\"has-inline-color\">G<\/mark><\/strong><mark style=\"background-color:rgba(0, 0, 0, 0);color:#4671c3\" class=\"has-inline-color\">emeinschaftliches Miteinander<\/mark><\/span><span class=\"wp-block-getwid-toggle__icon is-active\"><i class=\"fas fa-plus\"><\/i><\/span><span class=\"wp-block-getwid-toggle__icon is-passive\"><i class=\"fas fa-minus\"><\/i><\/span><\/a><\/span><\/div><div class=\"wp-block-getwid-toggle__content-wrapper\"><div class=\"wp-block-getwid-toggle__content\">\n<p>Als offene und tolerante Bildungseinrichtung (er)leben wir Inklusion und Vielfalt in Zusammenarbeit mit anderen Einrichtungen und Institutionen. Dadurch f\u00f6rdern wir Respekt, Wertsch\u00e4tzung und interkulturelle Kompetenz als wichtige Bestandteile unseres Schullebens.<\/p>\n\n\n\n<p>Wir legen gro\u00dfen Wert auf ein positives Schulklima, in dem sich Sch\u00fcler,<\/p>\n\n\n\n<p>Lehrkr\u00e4fte und Mitarbeiter wohlf\u00fchlen. Teamarbeit, gegenseitige<\/p>\n\n\n\n<p>Unterst\u00fctzung und ein respektvoller Umgang miteinander sind zentrale<\/p>\n\n\n\n<p>Elemente des schulischen Zusammenlebens und werden durch Workshops gegen Mobbing Sozialtraining usw. vermittelt.<\/p>\n<\/div><\/div><\/div>\n<\/div>\n<\/div><\/div>\n\n\n\n<p><\/p>\n","protected":false},"excerpt":{"rendered":"<p>Vision (Wozu gibt es uns?) Wir sind ein regionales Kompetenzzentrum zur Berufsorientierung im stetigen Wandel und koordinieren Berufsorientierungsprojekte \u00fcberregional mit verschiedenen Institutionen. Wir bieten Berufliche&hellip;<\/p>\n","protected":false},"author":3,"featured_media":0,"parent":0,"menu_order":0,"comment_status":"closed","ping_status":"closed","template":"","meta":{"ngg_post_thumbnail":0,"footnotes":""},"class_list":["post-2806","page","type-page","status-publish","hentry"],"_links":{"self":[{"href":"https:\/\/www.bbs-alfeld.eu\/index.php\/wp-json\/wp\/v2\/pages\/2806","targetHints":{"allow":["GET"]}}],"collection":[{"href":"https:\/\/www.bbs-alfeld.eu\/index.php\/wp-json\/wp\/v2\/pages"}],"about":[{"href":"https:\/\/www.bbs-alfeld.eu\/index.php\/wp-json\/wp\/v2\/types\/page"}],"author":[{"embeddable":true,"href":"https:\/\/www.bbs-alfeld.eu\/index.php\/wp-json\/wp\/v2\/users\/3"}],"replies":[{"embeddable":true,"href":"https:\/\/www.bbs-alfeld.eu\/index.php\/wp-json\/wp\/v2\/comments?post=2806"}],"version-history":[{"count":7,"href":"https:\/\/www.bbs-alfeld.eu\/index.php\/wp-json\/wp\/v2\/pages\/2806\/revisions"}],"predecessor-version":[{"id":2869,"href":"https:\/\/www.bbs-alfeld.eu\/index.php\/wp-json\/wp\/v2\/pages\/2806\/revisions\/2869"}],"wp:attachment":[{"href":"https:\/\/www.bbs-alfeld.eu\/index.php\/wp-json\/wp\/v2\/media?parent=2806"}],"curies":[{"name":"wp","href":"https:\/\/api.w.org\/{rel}","templated":true}]}}