{"id":2964,"date":"2025-01-30T13:05:50","date_gmt":"2025-01-30T12:05:50","guid":{"rendered":"https:\/\/www.bbs-alfeld.eu\/?page_id=2964"},"modified":"2025-01-30T13:05:52","modified_gmt":"2025-01-30T12:05:52","slug":"studiengang-soziale-arbeit-amp-management-b-a-duales-studium-in-kooperation","status":"publish","type":"page","link":"https:\/\/www.bbs-alfeld.eu\/index.php\/studiengang-soziale-arbeit-amp-management-b-a-duales-studium-in-kooperation\/","title":{"rendered":"Studiengang Soziale Arbeit &amp; Management (B.A.)Duales Studium in Kooperation"},"content":{"rendered":"\n<figure class=\"wp-block-image size-large is-resized\"><img loading=\"lazy\" decoding=\"async\" width=\"1024\" height=\"530\" src=\"https:\/\/www.bbs-alfeld.eu\/wp-content\/uploads\/2025\/01\/Web_Bock-auf-Karriere-Banner-1024x530.png\" alt=\"\" class=\"wp-image-2965\" style=\"width:512px;height:auto\" srcset=\"https:\/\/www.bbs-alfeld.eu\/wp-content\/uploads\/2025\/01\/Web_Bock-auf-Karriere-Banner-1024x530.png 1024w, https:\/\/www.bbs-alfeld.eu\/wp-content\/uploads\/2025\/01\/Web_Bock-auf-Karriere-Banner-300x155.png 300w, https:\/\/www.bbs-alfeld.eu\/wp-content\/uploads\/2025\/01\/Web_Bock-auf-Karriere-Banner-768x398.png 768w, https:\/\/www.bbs-alfeld.eu\/wp-content\/uploads\/2025\/01\/Web_Bock-auf-Karriere-Banner-1536x796.png 1536w, https:\/\/www.bbs-alfeld.eu\/wp-content\/uploads\/2025\/01\/Web_Bock-auf-Karriere-Banner-2048x1061.png 2048w\" sizes=\"auto, (max-width: 1024px) 100vw, 1024px\" \/><\/figure>\n\n\n\n<figure class=\"wp-block-audio\"><audio controls src=\"https:\/\/www.bbs-alfeld.eu\/wp-content\/uploads\/2025\/01\/BBS_Duales_Studium_Sozialearbeit.mp3\"><\/audio><\/figure>\n\n\n\n<p>An der Berufsbildenden Schule Alfeld bieten wir in Zusammenarbeit mit der FHM Fachhochschule des Mittelstands den <strong>Studiengang Soziale Arbeit &amp; Management B.A. <\/strong>an. Dieser innovative Studiengang verbindet Theorie und Praxis und bereitet dich optimal auf eine Karriere im Bereich der sozialen Arbeit vor.<\/p>\n\n\n\n<p>Soziale Arbeit ist eine essenzielle Dienstleistung, die Menschen dabei unterst\u00fctzt, ihr Leben aktiv zu gestalten und die Herausforderungen des Alltags zu bew\u00e4ltigen. Der Fokus liegt insbesondere auf der Unterst\u00fctzung von sozial benachteiligten Individuen und Gruppen sowie der Entwicklung von L\u00f6sungen zur \u00dcberwindung dieser Herausforderungen. Dar\u00fcber hinaus spielt die Pr\u00e4vention eine zentrale Rolle: Ziel ist es, zu verhindern, dass Menschen in wirtschaftliche oder psychosoziale Notlagen geraten.<\/p>\n\n\n\n<p>Mit unserem <strong>dualen Bachelorstudiengang B.A. Soziale Arbeit &amp; Management<\/strong> hast du die M\u00f6glichkeit, in weniger als vier Jahren gleich drei Abschl\u00fcsse zu erwerben: die staatliche Anerkennung als ErzieherIn, die staatliche Anerkennung als SozialarbeiterIn sowie den akademischen Bachelorabschluss. Diese umfassende Ausbildung qualifiziert dich f\u00fcr Fach- und F\u00fchrungsaufgaben im Bereich der sozialen Arbeit.<\/p>\n\n\n\n<p>Die Voraussetzung f\u00fcr die Aufnahme in diesen Studiengang ist das Abitur oder die Fachhochschulreife; einen Numerus Clausus gibt es nicht.<\/p>\n\n\n\n<p>Dank unserer engen Kooperation mit der FHM bietet die Berufsbildenden Schule Alfeld dieses attraktive Programm. Starte deine Karriere in der sozialen Arbeit und nutze die Gelegenheit, alle notwendigen Qualifikationen in k\u00fcrzester Zeit zu erlangen!<\/p>\n\n\n\n<p>Kontakt:<\/p>\n\n\n\n<p>Dr. Sotiria Argyrokastriti<br>Studiendirektorin<br><a href=\"m&#97;&#x69;&#x6c;&#x74;o&#58;&#115;&#x6f;&#x74;i&#114;&#105;&#x61;&#x2e;ar&#103;&#x79;&#x72;&#x6f;k&#97;&#x73;&#x74;&#x72;i&#116;&#105;&#x40;&#x62;b&#115;&#45;&#x61;&#x6c;fe&#108;&#x64;&#x2e;&#x65;u\">&#x73;&#x6f;&#x74;&#x69;&#x72;&#x69;&#x61;&#x2e;&#x61;&#x72;&#x67;&#x79;&#x72;&#x6f;&#x6b;&#x61;&#x73;&#x74;&#x72;&#x69;&#x74;&#x69;&#64;&#98;&#98;&#115;&#45;&#97;&#108;&#102;&#101;&#108;&#100;&#46;&#101;&#117;<\/a><\/p>\n\n\n\n<p><a href=\"http:\/\/fh-mittelstand.de\">FHM Fachhochschule des Mittelstands<\/a><\/p>\n","protected":false},"excerpt":{"rendered":"<p>An der Berufsbildenden Schule Alfeld bieten wir in Zusammenarbeit mit der FHM Fachhochschule des Mittelstands den Studiengang Soziale Arbeit &amp; Management B.A. an. Dieser innovative&hellip;<\/p>\n","protected":false},"author":3,"featured_media":0,"parent":0,"menu_order":0,"comment_status":"closed","ping_status":"closed","template":"","meta":{"ngg_post_thumbnail":0,"footnotes":""},"class_list":["post-2964","page","type-page","status-publish","hentry"],"_links":{"self":[{"href":"https:\/\/www.bbs-alfeld.eu\/index.php\/wp-json\/wp\/v2\/pages\/2964","targetHints":{"allow":["GET"]}}],"collection":[{"href":"https:\/\/www.bbs-alfeld.eu\/index.php\/wp-json\/wp\/v2\/pages"}],"about":[{"href":"https:\/\/www.bbs-alfeld.eu\/index.php\/wp-json\/wp\/v2\/types\/page"}],"author":[{"embeddable":true,"href":"https:\/\/www.bbs-alfeld.eu\/index.php\/wp-json\/wp\/v2\/users\/3"}],"replies":[{"embeddable":true,"href":"https:\/\/www.bbs-alfeld.eu\/index.php\/wp-json\/wp\/v2\/comments?post=2964"}],"version-history":[{"count":1,"href":"https:\/\/www.bbs-alfeld.eu\/index.php\/wp-json\/wp\/v2\/pages\/2964\/revisions"}],"predecessor-version":[{"id":2968,"href":"https:\/\/www.bbs-alfeld.eu\/index.php\/wp-json\/wp\/v2\/pages\/2964\/revisions\/2968"}],"wp:attachment":[{"href":"https:\/\/www.bbs-alfeld.eu\/index.php\/wp-json\/wp\/v2\/media?parent=2964"}],"curies":[{"name":"wp","href":"https:\/\/api.w.org\/{rel}","templated":true}]}}