{"id":3342,"date":"2026-02-13T16:55:44","date_gmt":"2026-02-13T15:55:44","guid":{"rendered":"https:\/\/www.bbs-alfeld.eu\/?page_id=3342"},"modified":"2026-02-13T16:55:45","modified_gmt":"2026-02-13T15:55:45","slug":"betreuung-von-lehrkraeften-in-ausbildung-lia-praktikantinnen-und-berufseinsteigerinnen","status":"publish","type":"page","link":"https:\/\/www.bbs-alfeld.eu\/index.php\/betreuung-von-lehrkraeften-in-ausbildung-lia-praktikantinnen-und-berufseinsteigerinnen\/","title":{"rendered":"Betreuung von Lehrkr\u00e4ften in Ausbildung (LiA), Praktikant*innen und Berufseinsteiger*innen"},"content":{"rendered":"\n<p>Als Betreuerin von Lehrkr\u00e4ften in Ausbildung, Praktikant*innen sowie Berufseinsteiger*innen an der BBS Alfeld begleite ich angehende und neue Lehrkr\u00e4fte auf ihrem Weg in den schulischen Alltag. Mein Ziel ist es, sie fachlich, p\u00e4dagogisch und organisatorisch zu unterst\u00fctzen und ihnen einen erfolgreichen Einstieg in den Beruf zu erm\u00f6glichen.<\/p>\n\n\n\n<p>Ein besonderer Schwerpunkt meiner Arbeit liegt in der individuellen Beratung und Begleitung, insbesondere durch Gespr\u00e4che, Hospitationen und Feedback sowie Unterst\u00fctzung bei schulischen Abl\u00e4ufen und organisatorischen Fragen. Dar\u00fcber hinaus findet eine enge Zusammenarbeit und der Austausch mit Ausbildungslehrkr\u00e4ften statt. Mir ist es wichtig, eine offene und vertrauensvolle Arbeitsatmosph\u00e4re zu schaffen, in der Fragen gestellt, Erfahrungen reflektiert und Kompetenzen weiterentwickelt werden k\u00f6nnen.<\/p>\n\n\n\n<p>Ich freue mich darauf, Lehrkr\u00e4fte in unterschiedlichen Ausbildungsphasen zu begleiten, sie in ihrer professionellen Entwicklung zu st\u00e4rken und gemeinsam zur Qualit\u00e4t von Unterricht und Schule beizutragen.<\/p>\n\n\n\n<p>Ist Ihr Interesse geweckt und m\u00f6chten Sie die BBS Alfeld (Leine) n\u00e4her kennen lernen, dann kontaktieren Sie mich gerne!<\/p>\n\n\n\n<p><a href=\"&#x6d;&#97;&#x69;&#108;t&#x6f;&#58;b&#x69;&#97;&#x6e;&#x63;a&#x2e;&#100;i&#x65;&#116;&#x73;&#x63;h&#x40;&#98;b&#x73;&#45;a&#x6c;&#102;&#x65;&#108;d&#x2e;&#101;u\">&#x62;&#105;&#x61;&#110;c&#x61;&#46;d&#x69;&#101;&#x74;&#x73;c&#x68;&#64;b&#x62;&#115;&#x2d;&#x61;l&#x66;&#101;l&#x64;&#46;e&#x75;<\/a><\/p>\n\n\n\n<figure class=\"wp-block-image size-full is-resized is-style-rounded\"><img loading=\"lazy\" decoding=\"async\" width=\"783\" height=\"783\" src=\"https:\/\/www.bbs-alfeld.eu\/wp-content\/uploads\/2021\/10\/dietsch.jpg\" alt=\"\" class=\"wp-image-490\" style=\"object-fit:cover;width:163px;height:163px\" srcset=\"https:\/\/www.bbs-alfeld.eu\/wp-content\/uploads\/2021\/10\/dietsch.jpg 783w, https:\/\/www.bbs-alfeld.eu\/wp-content\/uploads\/2021\/10\/dietsch-300x300.jpg 300w, https:\/\/www.bbs-alfeld.eu\/wp-content\/uploads\/2021\/10\/dietsch-150x150.jpg 150w, https:\/\/www.bbs-alfeld.eu\/wp-content\/uploads\/2021\/10\/dietsch-768x768.jpg 768w\" sizes=\"auto, (max-width: 783px) 100vw, 783px\" \/><\/figure>\n","protected":false},"excerpt":{"rendered":"<p>Als Betreuerin von Lehrkr\u00e4ften in Ausbildung, Praktikant*innen sowie Berufseinsteiger*innen an der BBS Alfeld begleite ich angehende und neue Lehrkr\u00e4fte auf ihrem Weg in den schulischen&hellip;<\/p>\n","protected":false},"author":3,"featured_media":0,"parent":0,"menu_order":0,"comment_status":"closed","ping_status":"closed","template":"","meta":{"ngg_post_thumbnail":0,"footnotes":""},"class_list":["post-3342","page","type-page","status-publish","hentry"],"_links":{"self":[{"href":"https:\/\/www.bbs-alfeld.eu\/index.php\/wp-json\/wp\/v2\/pages\/3342","targetHints":{"allow":["GET"]}}],"collection":[{"href":"https:\/\/www.bbs-alfeld.eu\/index.php\/wp-json\/wp\/v2\/pages"}],"about":[{"href":"https:\/\/www.bbs-alfeld.eu\/index.php\/wp-json\/wp\/v2\/types\/page"}],"author":[{"embeddable":true,"href":"https:\/\/www.bbs-alfeld.eu\/index.php\/wp-json\/wp\/v2\/users\/3"}],"replies":[{"embeddable":true,"href":"https:\/\/www.bbs-alfeld.eu\/index.php\/wp-json\/wp\/v2\/comments?post=3342"}],"version-history":[{"count":1,"href":"https:\/\/www.bbs-alfeld.eu\/index.php\/wp-json\/wp\/v2\/pages\/3342\/revisions"}],"predecessor-version":[{"id":3343,"href":"https:\/\/www.bbs-alfeld.eu\/index.php\/wp-json\/wp\/v2\/pages\/3342\/revisions\/3343"}],"wp:attachment":[{"href":"https:\/\/www.bbs-alfeld.eu\/index.php\/wp-json\/wp\/v2\/media?parent=3342"}],"curies":[{"name":"wp","href":"https:\/\/api.w.org\/{rel}","templated":true}]}}