{"id":447,"date":"2021-10-13T18:25:07","date_gmt":"2021-10-13T16:25:07","guid":{"rendered":"https:\/\/bbs-alfeld.de\/?page_id=447"},"modified":"2021-11-15T20:47:39","modified_gmt":"2021-11-15T19:47:39","slug":"faq","status":"publish","type":"page","link":"https:\/\/www.bbs-alfeld.eu\/index.php\/faq\/","title":{"rendered":"FAQ"},"content":{"rendered":"\n<hr class=\"wp-block-separator alignfull has-text-color has-background is-style-wide coloredline\" style=\"background-color:#407e04;color:#407e04\"\/>\n\n\n\n<p><strong>Wann beginnt an der BBS Alfeld der Unterricht?<\/strong><\/p>\n\n\n\n<p>Der Unterricht beginnt zur ersten Stunde um 07:50 Uhr. Weitere Unterrichtzeiten: 1.\/2. Stunde 07:50 Uhr bis 09:20 Uhr, 3.\/4. Stunde 09:40 Uhr bis 11:10 Uhr, 5.\/6. Stunde 11:30 bis 13:00, 7.\/8. Stunde 13:30 Uhr bis 15:00 Uhr, 9.\/10. Stunde 15:15 bis 16:45 Uhr<\/p>\n\n\n\n<p><strong>Wann hat das Sekretariat ge\u00f6ffnet?<\/strong><\/p>\n\n\n\n<p>Das Sekretariat ist ge\u00f6ffnet: Mo-Fr 6:30 bis 15:00 Uhr, Fr bis 12:00 Uhr. W\u00e4hrend der Schulferien weichen die \u00d6ffnungszeiten ab, bitte die telefonische Bandansage beachten.<\/p>\n\n\n\n<p><strong>Was kostet es, zur BBS Alfeld zu gehen?<\/strong><\/p>\n\n\n\n<p>Als \u00f6ffentliche Schule erhebt die BBS Alfeld kein Schulgeld, der Schulbesuch ist also kostenfrei. Allerdings k\u00f6nnen Kosten f\u00fcr Lehrmaterialien (B\u00fccher, Arbeitshefte, Schreibmaterial usw.) entstehen.<\/p>\n\n\n\n<p><strong>Wann kann ich mich an der BBS Alfeld anmelden?<\/strong><\/p>\n\n\n\n<p>Die Anmeldefrist ist vom 01. Februar bis 28. Februar. Sollten Sie die Meldefrist verpasst haben, k\u00f6nnen Sie sich nat\u00fcrlich trotzdem bei uns anmelden \u2013 hier gilt: je eher, desto besser.<\/p>\n\n\n\n<p>Auszubildende mit einem Ausbildungsvertrag k\u00f6nnen sich zu Beginn und im laufenden Schuljahr das ganze Schuljahr \u00fcber f\u00fcr den Berufsschulunterricht anmelden.<\/p>\n\n\n\n<p><strong>Wie kann ich mich anmelden?<\/strong><\/p>\n\n\n\n<p>Auf unserer Homepage finden Sie das Anmeldeformular. Bitte f\u00fcllen Sie das Anmeldeformular vollst\u00e4ndig aus und senden es uns per eMail, Fax oder Post zu. Des Weiteren ben\u00f6tigen wir zun\u00e4chst das Halbjahreszeugnis und nach Erhalt das Abschlusszeugnis in Kopie, bei Auszubildenden zus\u00e4tzlich den Ausbildungsvertrag.<\/p>\n\n\n\n<p><strong>Ich bin mir unsicher, welchen Bildungsgang ich besuchen soll. An wen kann ich mich wenden?<\/strong><\/p>\n\n\n\n<p>Sie wenden sich an das Sekretariat, telefonisch (05181 706 0) oder per Mail (<a href=\"&#109;&#x61;i&#108;&#x74;o&#58;&#x73;e&#107;&#x72;e&#116;&#x61;&#114;&#x69;&#x61;&#116;&#x40;&#x62;&#98;&#x73;-&#97;&#x6c;f&#101;&#x6c;d&#46;&#x65;u\">s&#101;&#107;&#x72;&#x65;&#x74;a&#114;&#105;&#x61;&#x74;&#x40;bb&#115;&#x2d;&#x61;&#x6c;fe&#108;&#100;&#x2e;&#x65;&#x75;<\/a>), dann werden Sie an die f\u00fcr Sie richtigen Ansprechpartner weitergeleitet. Sie k\u00f6nnen aber auch die zust\u00e4ndigen Abteilungsleitungen direkt kontaktieren, die Kontaktdaten finden Sie auf unserer Homepage unter BBS \u2013 Schulleitung.<\/p>\n\n\n\n<p><strong>Ich kann mich noch nicht entscheiden, kann ich mich auch f\u00fcr 2 Bildungsg\u00e4nge anmelden?<\/strong><\/p>\n\n\n\n<p>Nein, eine Anmeldung f\u00fcr zwei Bildungsg\u00e4nge ist generell nicht m\u00f6glich, man kann aber einen Zweitwunsch bei seiner Bewerbung angeben.<\/p>\n\n\n\n<p><strong>Bewerbung: Wann soll ich meine Zeugnisse abgeben?<\/strong><\/p>\n\n\n\n<p>Wenn Sie die f\u00fcr die Bewerbung erforderlichen Zeugnisse noch nicht zum Anmeldeschluss Ende Februar vorlegen k\u00f6nnen, weil Sie sie erst zum Ende des laufenden Schuljahres erhalten, k\u00f6nnen Sie sie selbstverst\u00e4ndlich nachreichen. Allersp\u00e4testens am ersten Schultag sollten Sie aber die beglaubigte Kopie Ihrer Zeugnisse im Sekretariat abgeben oder Ihrer Klassenleitung aush\u00e4ndigen.<\/p>\n\n\n\n<p><strong>Wann findet die Einschulung statt?<br><\/strong>Die Einschulung findet in der Regel am ersten Schultag nach den Sommerferien um 08:00 Uhr statt. Genaue Informationen erhalten Sie mit der Schulplatzzusage.<\/p>\n\n\n\n<p><strong>Bei wem bekomme ich eine Schulbescheinigung?<\/strong><\/p>\n\n\n\n<p>Die Schulbescheinigung erhalten Sie nach Antritt des Bildungsganges \u00fcber die Klassenlehrkr\u00e4fte.<\/p>\n\n\n\n<p><strong>Kann ich, wenn ich die BBS Alfeld besuche, BAf\u00f6G beantragen?<\/strong><\/p>\n\n\n\n<p>Das h\u00e4ngt von der Schulform ab, die Sie besuchen. Bei vielen Bildungsg\u00e4ngen k\u00f6nnen Sie bei Vorliegen der individuellen Voraussetzungen beim zust\u00e4ndigen Amt eine F\u00f6rderung nach dem Bundesausbildungsf\u00f6rderungsgesetz beantragen.<\/p>\n\n\n\n<p>BAf\u00f6G-Antrag: das Formblatt 02 &#8211; Bescheinigung nach \u00a7 9 BAf\u00d6G wird im Sekretariat ausgef\u00fcllt. Den Antrag erhalten Sie unter folgendem Link: <a href=\"http:\/\/www.baf\u00f6g.de\/de\/alle-antragsformulare-432.php\" data-type=\"URL\" data-id=\"www.baf\u00f6g.de\/de\/alle-antragsformulare-432.php\">www.baf\u00f6g.de\/de\/alle-antragsformulare-432.php<\/a><\/p>\n\n\n\n<p><strong>Erhalten Sch\u00fcler*innen der BBS Alfeld kostenlos Fahrausweise f\u00fcr Bus\/Bahn?<\/strong><\/p>\n\n\n\n<p>Sch\u00fclerbef\u00f6rderung ist Sache der Landkreise. Laut NSchG f\u00fcr Vollzeit-Sch\u00fcler ohne Abschluss oder mit Hauptschulabschluss werden die Fahrtkosten von den Landkreisen \u00fcbernommen (bei zweij\u00e4hrigen Schulformen nur f\u00fcr die erste Klasse!). Der Landkreis Hildesheim stellt Fahrkarten, die anderen Landkreise erstatten die vorab ausgelegten Fahrkosten auf Antrag (gibt es im Sekretariat!).<\/p>\n\n\n\n<p>Auszubildende m\u00fcssen die Fahrtkosten generell selbst bezahlen.<\/p>\n\n\n\n<p>Vom\/beim RVHI und der Bahn (am Schalter!) gibt es Vordrucke, die im Sekretariat ausgef\u00fcllt und abgestempelt werden, damit sich Sch\u00fcler*innen und Auszubildende Fahrkarten zu Sch\u00fclerpreisen kaufen k\u00f6nnen.<\/p>\n\n\n\n<p><strong>Wann sind Ferien an der BBS?<\/strong><\/p>\n\n\n\n<p>Den Ferienkalender finden Sie unter folgendem Link: <a href=\"http:\/\/www.schulferien.org\" data-type=\"URL\" data-id=\"www.schulferien.org\" target=\"_blank\" rel=\"noreferrer noopener\">www.schulferien.org<\/a><\/p>\n","protected":false},"excerpt":{"rendered":"<p>Wann beginnt an der BBS Alfeld der Unterricht? Der Unterricht beginnt zur ersten Stunde um 07:50 Uhr. Weitere Unterrichtzeiten: 1.\/2. Stunde 07:50 Uhr bis 09:20&hellip;<\/p>\n","protected":false},"author":1,"featured_media":0,"parent":0,"menu_order":0,"comment_status":"closed","ping_status":"closed","template":"","meta":{"ngg_post_thumbnail":0,"footnotes":""},"class_list":["post-447","page","type-page","status-publish","hentry"],"_links":{"self":[{"href":"https:\/\/www.bbs-alfeld.eu\/index.php\/wp-json\/wp\/v2\/pages\/447","targetHints":{"allow":["GET"]}}],"collection":[{"href":"https:\/\/www.bbs-alfeld.eu\/index.php\/wp-json\/wp\/v2\/pages"}],"about":[{"href":"https:\/\/www.bbs-alfeld.eu\/index.php\/wp-json\/wp\/v2\/types\/page"}],"author":[{"embeddable":true,"href":"https:\/\/www.bbs-alfeld.eu\/index.php\/wp-json\/wp\/v2\/users\/1"}],"replies":[{"embeddable":true,"href":"https:\/\/www.bbs-alfeld.eu\/index.php\/wp-json\/wp\/v2\/comments?post=447"}],"version-history":[{"count":4,"href":"https:\/\/www.bbs-alfeld.eu\/index.php\/wp-json\/wp\/v2\/pages\/447\/revisions"}],"predecessor-version":[{"id":1225,"href":"https:\/\/www.bbs-alfeld.eu\/index.php\/wp-json\/wp\/v2\/pages\/447\/revisions\/1225"}],"wp:attachment":[{"href":"https:\/\/www.bbs-alfeld.eu\/index.php\/wp-json\/wp\/v2\/media?parent=447"}],"curies":[{"name":"wp","href":"https:\/\/api.w.org\/{rel}","templated":true}]}}