{"id":66,"date":"2021-09-12T12:36:21","date_gmt":"2021-09-12T12:36:21","guid":{"rendered":"https:\/\/bbs-alfeld.de\/?page_id=66"},"modified":"2026-04-09T09:07:57","modified_gmt":"2026-04-09T07:07:57","slug":"angebot","status":"publish","type":"page","link":"https:\/\/www.bbs-alfeld.eu\/index.php\/angebot\/","title":{"rendered":"Bildungsangebot"},"content":{"rendered":"\n<hr class=\"wp-block-separator has-text-color has-css-opacity has-background alignfull is-style-wide coloredline\" style=\"background-color:#407e04;color:#407e04\"\/>\n\n\n\n<p>Die berufsbildende Schule Alfeld (BBS Alfeld) ist eine B\u00fcndelschule (Bereiche: Wirtschaft, Technik, Sozialp\u00e4dagogik, Hauswirtschaft, Gesundheit, Pflege) mit einem breiten Angebot interessanter und zukunftsweisender Bildungsg\u00e4nge. Wir sind Partner bei der dualen Berufsausbildung. Unsere Sch\u00fclerinnen und Sch\u00fcler erhalten die M\u00f6glichkeit, neben beruflichen auch alle allgemeinbildenden Abschl\u00fcsse zu erwerben.<\/p>\n\n\n\n<style>\n\t#hotspot-1105 .hotspots-image-container,\n\t#hotspot-1105 .leaflet-container {\n\t\tbackground: #ffffff\t}\n\n\t#hotspot-1105 .hotspots-placeholder {\n\t\tbackground: #eeeeee;\n\t\tborder: 0 #eeeeee solid;\n\t\tcolor: #000000;\n\t}\n\n\t#hotspot-1105 .hotspot-title {\n\t\tcolor: #2d5c00;\n\t}\n\n\t\t\t#hotspot-1105 .hotspot-default {\n\t\t\tstroke-width: 2;\n\t\t\tfill: #ffffff;\n\t\t\tfill-opacity: 0;\n\t\t\tstroke: #ffffff;\n\t\t\tstroke-opacity: 0;\n\t\t}\n\t\t#hotspot-1105 .hotspot-default:hover,\n\t\t#hotspot-1105 .hotspot-default:focus-visible,\n\t\t#hotspot-1105 .hotspot-default.hotspot-active {\n\t\t\tfill: #407e04;\n\t\t\tfill-opacity: 0.36;\n\t\t\tstroke: #2d5c00;\n\t\t\tstroke-opacity: 0.01;\n\t\t}\n\t\t#hotspot-1105 .leaflet-tooltip,\n\t#hotspot-1105 .leaflet-rrose-content-wrapper {\n\t\tbackground: #eeeeee;\n\t\tborder-color: #eeeeee;\n\t\tcolor: #000000;\n\t}\n\n\t#hotspot-1105 a.leaflet-rrose-close-button {\n\t\tcolor: #2d5c00;\n\t}\n\n\t#hotspot-1105 .leaflet-rrose-tip {\n\t\tbackground: #eeeeee;\n\t}\n\n\t#hotspot-1105 .leaflet-popup-scrolled {\n\t\tborder-bottom-color: #000000;\n\t\tborder-top-color: #000000;\n\t}\n\n\t#hotspot-1105 .leaflet-tooltip-top:before {\n\t\tborder-top-color: #eeeeee;\n\t}\n\n\t#hotspot-1105 .leaflet-tooltip-bottom:before {\n\t\tborder-bottom-color: #eeeeee;\n\t}\n\t#hotspot-1105 .leaflet-tooltip-left:before {\n\t\tborder-left-color: #eeeeee;\n\t}\n\t#hotspot-1105 .leaflet-tooltip-right:before {\n\t\tborder-right-color: #eeeeee;\n\t}\n<\/style>\n\n\t\n\t<div class=\"hotspots-container  layout-left event-click\" id=\"hotspot-1105\" data-layout=\"left\" data-trigger=\"click\">\n\t\t<div class=\"hotspots-interaction\">\n\t\t\t\t<div class=\"hotspots-placeholder\" id=\"content-hotspot-1105\">\n\t\t<div class=\"hotspot-initial\">\n\t\t\t\t\t\t\t\t\t<h2 class=\"hotspot-title\">\n\t\t\t\tBildungsgangfinder\t\t\t<\/h2>\n\t\t\t\t\t\t<div class=\"hotspot-content\">\n\t\t\t\t\t\t\t<\/div>\n\t\t<\/div>\n\t<\/div>\n<div class=\"hotspots-image-container\">\n\t<img\n\t\twidth=\"1699\"\n\t\theight=\"596\"\n\t\tsrc=\"https:\/\/www.bbs-alfeld.eu\/wp-content\/uploads\/2024\/10\/Routenplaner-24-25.png\"\n\t\talt=\"Bildungsgangfinder\"\n\t\tclass=\"hotspots-image skip-lazy\"\n\t\tusemap=\"#hotspots-image-1105\"\n\t\tdata-image-title=\"Bildungsgangfinder\"\n\t\tdata-image-description=\"\"\n\t\tdata-event-trigger=\"click\"\n\t\tdata-always-visible=\"false\"\n\t\tdata-id=\"1105\"\n\t\tdata-no-lazy=\"1\"\n\t\tdata-lazy-src=\"\"\n\t\tdata-lazy=\"false\"\n\t\tloading=\"eager\"\n\t\tdata-skip-lazy=\"1\"\n\t\t>\n<\/div>\t\t<\/div>\n\t\t<map name=\"hotspots-image-1105\" class=\"hotspots-map\">\n\t\t\t\t\t\t\t\t\t\t\t<area\n\t\t\t\t\tshape=\"circle\"\n\t\t\t\t\tcoords=\"367,468,13\"\n\t\t\t\t\thref=\"#hotspot-hotspot-1105-0\"\n\t\t\t\t\trel=\"\"\n\t\t\t\t\ttitle=\"Berufs\u00ad\u00adeinstiegs\u00ad\u00adschule (BES) - Klasse 1\"\n\t\t\t\t\talt=\"Berufs\u00ad\u00adeinstiegs\u00ad\u00adschule (BES) - Klasse 1\"\n\t\t\t\t\tdata-action=\"\"\n\t\t\t\t\tdata-color-scheme=\"\"\n\t\t\t\t\ttarget=\"\"\n\t\t\t\t\tclass=\"more-info-area\"\n\t\t\t\t\t>\n\t\t\t\t\t\t\t\t\t\t\t<area\n\t\t\t\t\tshape=\"circle\"\n\t\t\t\t\tcoords=\"422,462,19\"\n\t\t\t\t\thref=\"#hotspot-hotspot-1105-1\"\n\t\t\t\t\trel=\"\"\n\t\t\t\t\ttitle=\"Berufs\u00adeinstiegs\u00adschule (BES) - Klasse 2\"\n\t\t\t\t\talt=\"Berufs\u00adeinstiegs\u00adschule (BES) - Klasse 2\"\n\t\t\t\t\tdata-action=\"\"\n\t\t\t\t\tdata-color-scheme=\"\"\n\t\t\t\t\ttarget=\"\"\n\t\t\t\t\tclass=\"more-info-area\"\n\t\t\t\t\t>\n\t\t\t\t\t\t\t\t\t\t\t<area\n\t\t\t\t\tshape=\"circle\"\n\t\t\t\t\tcoords=\"758,360,28\"\n\t\t\t\t\thref=\"#hotspot-hotspot-1105-2\"\n\t\t\t\t\trel=\"\"\n\t\t\t\t\ttitle=\"Betriebliche Ausbildung - Berufsschule\"\n\t\t\t\t\talt=\"Betriebliche Ausbildung - Berufsschule\"\n\t\t\t\t\tdata-action=\"\"\n\t\t\t\t\tdata-color-scheme=\"\"\n\t\t\t\t\ttarget=\"\"\n\t\t\t\t\tclass=\"more-info-area\"\n\t\t\t\t\t>\n\t\t\t\t\t\t\t\t\t\t\t<area\n\t\t\t\t\tshape=\"circle\"\n\t\t\t\t\tcoords=\"536,416,17\"\n\t\t\t\t\thref=\"#hotspot-hotspot-1105-3\"\n\t\t\t\t\trel=\"\"\n\t\t\t\t\ttitle=\"Berufsfachschule (BFS) f\u00fcr Hauptsch\u00fcler*innen (zweij\u00e4hrig)\"\n\t\t\t\t\talt=\"Berufsfachschule (BFS) f\u00fcr Hauptsch\u00fcler*innen (zweij\u00e4hrig)\"\n\t\t\t\t\tdata-action=\"\"\n\t\t\t\t\tdata-color-scheme=\"\"\n\t\t\t\t\ttarget=\"\"\n\t\t\t\t\tclass=\"more-info-area\"\n\t\t\t\t\t>\n\t\t\t\t\t\t\t\t\t\t\t<area\n\t\t\t\t\tshape=\"circle\"\n\t\t\t\t\tcoords=\"567,377,21\"\n\t\t\t\t\thref=\"#hotspot-hotspot-1105-4\"\n\t\t\t\t\trel=\"\"\n\t\t\t\t\ttitle=\"Berufsfachschule (BFS dual)\"\n\t\t\t\t\talt=\"Berufsfachschule (BFS dual)\"\n\t\t\t\t\tdata-action=\"\"\n\t\t\t\t\tdata-color-scheme=\"\"\n\t\t\t\t\ttarget=\"\"\n\t\t\t\t\tclass=\"more-info-area\"\n\t\t\t\t\t>\n\t\t\t\t\t\t\t\t\t\t\t<area\n\t\t\t\t\tshape=\"circle\"\n\t\t\t\t\tcoords=\"760,255,23\"\n\t\t\t\t\thref=\"#hotspot-hotspot-1105-5\"\n\t\t\t\t\trel=\"\"\n\t\t\t\t\ttitle=\"Berufsfachschule (BFS) mit beruflichem Abschluss (zweij\u00e4hrig)\"\n\t\t\t\t\talt=\"Berufsfachschule (BFS) mit beruflichem Abschluss (zweij\u00e4hrig)\"\n\t\t\t\t\tdata-action=\"\"\n\t\t\t\t\tdata-color-scheme=\"\"\n\t\t\t\t\ttarget=\"\"\n\t\t\t\t\tclass=\"more-info-area\"\n\t\t\t\t\t>\n\t\t\t\t\t\t\t\t\t\t\t<area\n\t\t\t\t\tshape=\"circle\"\n\t\t\t\t\tcoords=\"1070,169,24\"\n\t\t\t\t\thref=\"#hotspot-hotspot-1105-6\"\n\t\t\t\t\trel=\"\"\n\t\t\t\t\ttitle=\"Fachoberschule (FOS) Klasse 12\"\n\t\t\t\t\talt=\"Fachoberschule (FOS) Klasse 12\"\n\t\t\t\t\tdata-action=\"\"\n\t\t\t\t\tdata-color-scheme=\"\"\n\t\t\t\t\ttarget=\"\"\n\t\t\t\t\tclass=\"more-info-area\"\n\t\t\t\t\t>\n\t\t\t\t\t\t\t\t\t\t\t<area\n\t\t\t\t\tshape=\"circle\"\n\t\t\t\t\tcoords=\"1068,79,18\"\n\t\t\t\t\thref=\"#hotspot-hotspot-1105-7\"\n\t\t\t\t\trel=\"\"\n\t\t\t\t\ttitle=\"Berufliches Gymnasium\"\n\t\t\t\t\talt=\"Berufliches Gymnasium\"\n\t\t\t\t\tdata-action=\"\"\n\t\t\t\t\tdata-color-scheme=\"\"\n\t\t\t\t\ttarget=\"\"\n\t\t\t\t\tclass=\"more-info-area\"\n\t\t\t\t\t>\n\t\t\t\t\t<\/map>\n\n\t\t\n\t\t\t\t\t\n\t\t\t\t\t\t<div class=\"hotspot-info \" id=\"hotspot-hotspot-1105-0\">\n\t\t\t\t\n\t\t\t\t<h2 class=\"hotspot-title\">Berufs\u00ad\u00adeinstiegs\u00ad\u00adschule (BES) - Klasse 1<\/h2>\t\t\t\t\t\t\t\t<div class=\"hotspot-content\">\n\t\t\t\t\t<p><span style=\"text-decoration: underline\">Gesundheit und Soziales; Technik; Wirtschaft.<\/span><\/p>\n<p>Eingangsvoraussetzung: Beendigung der Klasse 8 oder der F\u00f6rderschule<br \/>\noder junge Fl\u00fcchtlinge mit Grundwortschatz Deutsch.<\/p>\n<p><strong>Ziel: <\/strong>Qualifikation f\u00fcr BES - Klasse 2<\/p>\n\t\t\t\t<\/div>\n\t\t\t<\/div>\n\t\t\t\t\t\n\t\t\t\t\t\t<div class=\"hotspot-info \" id=\"hotspot-hotspot-1105-1\">\n\t\t\t\t\n\t\t\t\t<h2 class=\"hotspot-title\">Berufs\u00adeinstiegs\u00adschule (BES) - Klasse 2<\/h2>\t\t\t\t\t\t\t\t<div class=\"hotspot-content\">\n\t\t\t\t\t<p><span style=\"text-decoration: underline\">Gesundheit und Soziales; Technik; Wirtschaft.<\/span><\/p>\n<p>Eingangsvoraussetzung: BES Klasse 1 oder ohne Hauptschulabschluss oder Hauptschulabschluss mit Zensuren schlechter als 3,5.<\/p>\n<p><strong>Ziel:<\/strong> Hauptschulabschluss, Qualifikation f\u00fcr BFS Nr. 4<\/p>\n\t\t\t\t<\/div>\n\t\t\t<\/div>\n\t\t\t\t\t\n\t\t\t\t\t\t<div class=\"hotspot-info \" id=\"hotspot-hotspot-1105-2\">\n\t\t\t\t\n\t\t\t\t<h2 class=\"hotspot-title\">Betriebliche Ausbildung - Berufsschule<\/h2>\t\t\t\t\t\t\t\t<div class=\"hotspot-content\">\n\t\t\t\t\t<p><span style=\"text-decoration: underline\">Technische Ausbildungsberufe - in den Bereichen Sanit\u00e4r-, Heizung und Klimatechnik, Elektro-, Kfz und Metalltechnik bzw. Mechatronik, Modellbau Maschinen und Anlagenf\u00fchrer*in. Kaufm\u00e4nnische Ausbildungsberufe - in den Bereichen Bank, Industrie, B\u00fcromanagement, Einzelhandel, Lager.<\/span><\/p>\n<p>Eingangsvoraussetzung: Ausbildungsvertrag.<\/p>\n<p><strong>Ziel:<\/strong> Berufsausbildungsabschluss, erweiterter Sekundarabschluss I.<\/p>\n\t\t\t\t<\/div>\n\t\t\t<\/div>\n\t\t\t\t\t\n\t\t\t\t\t\t<div class=\"hotspot-info \" id=\"hotspot-hotspot-1105-3\">\n\t\t\t\t\n\t\t\t\t<h2 class=\"hotspot-title\">Berufsfachschule (BFS) f\u00fcr Hauptsch\u00fcler*innen (zweij\u00e4hrig)<\/h2>\t\t\t\t\t\t\t\t<div class=\"hotspot-content\">\n\t\t\t\t\t<p><span style=\"text-decoration: underline\">Sozialp\u00e4dagogik<\/span><\/p>\n<p><strong>Ziel:<\/strong> \u00dcbergang in eine Berufsausbildung.<br \/>\nz.B. sozialp\u00e4dagogische Assistenz, Realschulabschluss.<\/p>\n\t\t\t\t<\/div>\n\t\t\t<\/div>\n\t\t\t\t\t\n\t\t\t\t\t\t<div class=\"hotspot-info \" id=\"hotspot-hotspot-1105-4\">\n\t\t\t\t\n\t\t\t\t<h2 class=\"hotspot-title\">Berufsfachschule (BFS dual)<\/h2>\t\t\t\t\t\t\t\t<div class=\"hotspot-content\">\n\t\t\t\t\t<p><u>f\u00fcr Realsch\u00fcler\/innen und Hauptsch\u00fcler\/innen (einj\u00e4hrig)<\/u><\/p>\n<p>Soziales - Hauswirtschaft und Pflege<br \/>\nTechnik - Metalltechnik, Elektrotechnik oder Mechatronik<br \/>\nWirtschaft - B\u00fcromanagement oder Einzelhandel<\/p>\n<p><strong>Ziel:<\/strong> \u00dcbergang in eine betriebliche Ausbildung oder<br \/>\nErwerb des Sekundarabschlusses I - Realschulabschluss.<br \/>\nErwerb des erweiterten Sekundarabschluss I<br \/>\nErwerb der Zugangsberechtigung zur Fachoberschule Klasse 12.<\/p>\n<p>&nbsp;<\/p>\n\t\t\t\t<\/div>\n\t\t\t<\/div>\n\t\t\t\t\t\n\t\t\t\t\t\t<div class=\"hotspot-info \" id=\"hotspot-hotspot-1105-5\">\n\t\t\t\t\n\t\t\t\t<h2 class=\"hotspot-title\">Berufsfachschule (BFS) mit beruflichem Abschluss (zweij\u00e4hrig)<\/h2>\t\t\t\t\t\t\t\t<div class=\"hotspot-content\">\n\t\t\t\t\t<p><span style=\"text-decoration: underline\">Informationstechnische Assistenz; Sozialp\u00e4dagogische Assistenz.<\/span><\/p>\n<p>Eingangsvoraussetzung: Sekundarabschluss I - Realschulabschluss.<\/p>\n<p><strong>Ziel:<\/strong> Staatlich anerkannter Berufsabschluss als Informationstechnische*r Assistent*in, Erweiterter Realschulabschluss; schulischer Teil der Fachhochschulreife; als Sozialp\u00e4dagogische*r Assistent*in, Erweiterter Realschulabschluss.<\/p>\n\t\t\t\t<\/div>\n\t\t\t<\/div>\n\t\t\t\t\t\n\t\t\t\t\t\t<div class=\"hotspot-info \" id=\"hotspot-hotspot-1105-6\">\n\t\t\t\t\n\t\t\t\t<h2 class=\"hotspot-title\">Fachoberschule (FOS) Klasse 12<\/h2>\t\t\t\t\t\t\t\t<div class=\"hotspot-content\">\n\t\t\t\t\t<p><span style=\"text-decoration: underline\">Technik; Wirtschaft und Verwaltung - Schwerpunkt Wirtschaft; Gesundheit und Soziales - Schwerpunkt Gesundheit und Pflege.<\/span><\/p>\n<p>Eingangsvoraussetzung: Zugangsberechtigung zur FOS 12 erworben in der Berufsfachschule dual F. Abgeschlossene einschl\u00e4gige Berufsausbildung (weitere Zugangsm\u00f6glichkeiten).<\/p>\n<p><strong>Ziel:<\/strong> Fachhochschulreife<\/p>\n\t\t\t\t<\/div>\n\t\t\t<\/div>\n\t\t\t\t\t\n\t\t\t\t\t\t<div class=\"hotspot-info \" id=\"hotspot-hotspot-1105-7\">\n\t\t\t\t\n\t\t\t\t<h2 class=\"hotspot-title\">Berufliches Gymnasium<\/h2>\t\t\t\t\t\t\t\t<div class=\"hotspot-content\">\n\t\t\t\t\t<p><span style=\"text-decoration: underline\">Wirtschaft; Gesundheit und Soziales - Schwerpunkt Sozialp\u00e4dagogik.<\/span><\/p>\n<p>Eingangsvoraussetzung: Erweiterter Sekundarabschluss I oder erfolgreiche Versetzung in die Einf\u00fchrungsphase des Gymnasiums.<\/p>\n<p><strong>Ziel:<\/strong> Allgemeine Hochschulreife, nach Jahrgang 12 schulischer Teil der Fachhochschulreife. Im Rahmen der Doppelqualifikation zus\u00e4tzlicher Berufsabschluss m\u00f6glich.<\/p>\n\t\t\t\t<\/div>\n\t\t\t<\/div>\n\t\t\t<\/div>\n\n\n\n\n\n<p><img decoding=\"async\" src=\"https:\/\/bbs-alfeld.de\/wp-content\/uploads\/2021\/11\/marker-2.png\" alt=\"\"><br><strong>Studienberechtigung<\/strong><br>Die <strong>*Allgemeine Hochschulreife<\/strong> berechtigt zum Studium in s\u00e4mtlichen Fachrichtungen an allen Hochschulen der Bundesrepublik Deutschland, einschlie\u00dflich Fachhochschulen und Universit\u00e4ten. Diese wird durch Nr. 10 (Berufliche Gymnasium) erreicht.<br>Die <strong>**Fachhochschulreife<\/strong> erm\u00f6glicht den Zugang zu Studieng\u00e4ngen in allen Fachrichtungen an Fachhochschulen. Sie wird erlangt durch die Nr. 9 (FOS) sowie Nr. 7 (BFS &#8211; Informationstechnische Assistenz inklusive Praktikum).<br><br><strong>Das duale Studium B.A. Soziale Arbeit &amp; Management<\/strong><br>Die Fachschule f\u00fcr Sozialp\u00e4dagogik (BBS) und die Fachschule des Mittelstands (FHM) bieten die M\u00f6glichkeit in weniger als vier Jahren drei anerkannte Abschl\u00fcsse zu erwerben:<br>Staatlich anerkannte\/r Erzieher*in,<br>Staatlich anerkannte\/r Sozialarbeiter*in<br>Soziale Arbeit &amp; Management (B.A.)<\/p>\n\n\n\n<figure class=\"wp-block-audio\"><audio controls src=\"https:\/\/www.bbs-alfeld.eu\/wp-content\/uploads\/2025\/02\/BBS_Bildungsangebote_Teaser.mp3\"><\/audio><\/figure>\n\n\n\n<p><\/p>\n\n\n\n<div class=\"wp-block-buttons is-layout-flex wp-block-buttons-is-layout-flex\">\n<div class=\"wp-block-button\"><a class=\"wp-block-button__link has-background wp-element-button\" href=\"\/index.php\/soziales\/\" style=\"border-radius:10px;background-color:#c49000\"><span\n      class='tooltip-style'\n      tabindex='0'\n      data-tippy-content='&lt;img class=&quot;alignnone size-medium wp-image-1061&quot; src=&quot;https:\/\/bbs-alfeld.de\/wp-content\/uploads\/2021\/10\/Soziales-300x152.jpg&quot; alt=&quot;&quot; width=&quot;300&quot; height=&quot;152&quot;&gt;'>Soziales<\/span><\/a><\/div>\n\n\n\n<div class=\"wp-block-button\"><a class=\"wp-block-button__link has-background wp-element-button\" href=\"\/index.php\/technik\/\" style=\"border-radius:10px;background-color:#a81616\"><span\n      class='tooltip-style'\n      tabindex='0'\n      data-tippy-content='&lt;img src=&quot;https:\/\/bbs-alfeld.de\/wp-content\/uploads\/2021\/09\/Werkstatt_BBS_Alfeld-300x117.jpg&quot; alt=&quot;&quot; width=&quot;300&quot; height=&quot;117&quot; class=&quot;alignnone size-medium wp-image-223&quot; \/&gt;'>Technik<\/span><\/a><\/div>\n\n\n\n<div class=\"wp-block-button\"><a class=\"wp-block-button__link has-background wp-element-button\" href=\"\/index.php\/wirtschaft\/\" style=\"border-radius:10px;background-color:#0367a2\"><span\n      class='tooltip-style'\n      tabindex='0'\n      data-tippy-content='&lt;img class=&quot;alignnone size-medium wp-image-1060&quot; src=&quot;https:\/\/bbs-alfeld.de\/wp-content\/uploads\/2021\/10\/Wirtschaft-300x225.jpg&quot; alt=&quot;&quot; width=&quot;300&quot; height=&quot;225&quot;&gt;'>Wirtschaft<\/span><\/a><\/div>\n\n\n\n<div class=\"wp-block-button\"><a class=\"wp-block-button__link wp-element-button\" href=\"\/index.php\/wege-zur-hochschulreife\/\" style=\"border-radius:10px\"><span\n      class='tooltip-style'\n      tabindex='0'\n      data-tippy-content='&lt;img class=&quot;alignnone size-medium wp-image-1063&quot; src=&quot;https:\/\/bbs-alfeld.de\/wp-content\/uploads\/2021\/11\/BG-FOS_comp-1-300x169.jpg&quot; alt=&quot;&quot; width=&quot;300&quot; height=&quot;169&quot;&gt;'>Wege zur Hochschulreife<\/span><\/a><\/div>\n\n\n\n<div class=\"wp-block-button is-style-fill\"><a class=\"wp-block-button__link has-background wp-element-button\" href=\"https:\/\/www.bbs-alfeld.eu\/index.php\/studiengang-soziale-arbeit-amp-management-b-a-duales-studium-in-kooperation\/\" style=\"border-radius:10px;background-color:#d25a04\"> Duales Studium<\/a><\/div>\n<\/div>\n","protected":false},"excerpt":{"rendered":"<p>Die berufsbildende Schule Alfeld (BBS Alfeld) ist eine B\u00fcndelschule (Bereiche: Wirtschaft, Technik, Sozialp\u00e4dagogik, Hauswirtschaft, Gesundheit, Pflege) mit einem breiten Angebot interessanter und zukunftsweisender Bildungsg\u00e4nge. Wir&hellip;<\/p>\n","protected":false},"author":1,"featured_media":0,"parent":0,"menu_order":0,"comment_status":"closed","ping_status":"closed","template":"","meta":{"ngg_post_thumbnail":0,"footnotes":""},"class_list":["post-66","page","type-page","status-publish","hentry"],"_links":{"self":[{"href":"https:\/\/www.bbs-alfeld.eu\/index.php\/wp-json\/wp\/v2\/pages\/66","targetHints":{"allow":["GET"]}}],"collection":[{"href":"https:\/\/www.bbs-alfeld.eu\/index.php\/wp-json\/wp\/v2\/pages"}],"about":[{"href":"https:\/\/www.bbs-alfeld.eu\/index.php\/wp-json\/wp\/v2\/types\/page"}],"author":[{"embeddable":true,"href":"https:\/\/www.bbs-alfeld.eu\/index.php\/wp-json\/wp\/v2\/users\/1"}],"replies":[{"embeddable":true,"href":"https:\/\/www.bbs-alfeld.eu\/index.php\/wp-json\/wp\/v2\/comments?post=66"}],"version-history":[{"count":63,"href":"https:\/\/www.bbs-alfeld.eu\/index.php\/wp-json\/wp\/v2\/pages\/66\/revisions"}],"predecessor-version":[{"id":3414,"href":"https:\/\/www.bbs-alfeld.eu\/index.php\/wp-json\/wp\/v2\/pages\/66\/revisions\/3414"}],"wp:attachment":[{"href":"https:\/\/www.bbs-alfeld.eu\/index.php\/wp-json\/wp\/v2\/media?parent=66"}],"curies":[{"name":"wp","href":"https:\/\/api.w.org\/{rel}","templated":true}]}}